{"id":132,"date":"2022-04-27T13:10:21","date_gmt":"2022-04-27T13:10:21","guid":{"rendered":"https:\/\/tbv-moeller.de\/index.php\/home\/"},"modified":"2022-05-19T11:20:58","modified_gmt":"2022-05-19T11:20:58","slug":"unternehmen","status":"publish","type":"page","link":"https:\/\/tbv-moeller.de\/","title":{"rendered":"Startseite"},"content":{"rendered":"\t\t<div data-elementor-type=\"wp-page\" data-elementor-id=\"132\" class=\"elementor elementor-132\" data-elementor-post-type=\"page\">\n\t\t\t\t\t\t<section class=\"elementor-section elementor-top-section elementor-element elementor-element-ceea7a4 elementor-section-boxed elementor-section-height-default elementor-section-height-default\" data-id=\"ceea7a4\" data-element_type=\"section\" data-e-type=\"section\">\n\t\t\t\t\t\t<div class=\"elementor-container elementor-column-gap-default\">\n\t\t\t\t\t<div class=\"elementor-column elementor-col-100 elementor-top-column elementor-element elementor-element-23af51b\" data-id=\"23af51b\" data-element_type=\"column\" data-e-type=\"column\">\n\t\t\t<div class=\"elementor-widget-wrap elementor-element-populated\">\n\t\t\t\t\t\t<div class=\"elementor-element elementor-element-af4af8d elementor-widget-divider--view-line elementor-widget elementor-widget-divider\" data-id=\"af4af8d\" data-element_type=\"widget\" data-e-type=\"widget\" data-widget_type=\"divider.default\">\n\t\t\t\t<div class=\"elementor-widget-container\">\n\t\t\t\t\t\t\t<div class=\"elementor-divider\">\n\t\t\t<span class=\"elementor-divider-separator\">\n\t\t\t\t\t\t<\/span>\n\t\t<\/div>\n\t\t\t\t\t\t<\/div>\n\t\t\t\t<\/div>\n\t\t\t\t<div class=\"elementor-element elementor-element-67baae4 elementor-widget elementor-widget-text-editor\" data-id=\"67baae4\" data-element_type=\"widget\" data-e-type=\"widget\" data-widget_type=\"text-editor.default\">\n\t\t\t\t<div class=\"elementor-widget-container\">\n\t\t\t\t\t\t\t\t\t<p class=\"p2\">Als junges und flexibles Unternehmen haben wir uns auf die Vermietung von Baumaschinen, mit oder ohne Fahrpersonal spezialisiert.<\/p><p class=\"p2\">Der Sitz unseres Unternehmen liegt in Sachsen im sch\u00f6nen Vogtland, im drei L\u00e4ndereck Bayern, Sachsen und Th\u00fcringen.<\/p><p class=\"p2\">Wir stehen mit unserem Unternehmen f\u00fcr vollste Kundenzufriedenheit.<\/p><p class=\"p2\">Unser Einsatzgebiet umfasst den gesamten Bundesdeutschen Raum.<\/p>\t\t\t\t\t\t\t\t<\/div>\n\t\t\t\t<\/div>\n\t\t\t\t\t<\/div>\n\t\t<\/div>\n\t\t\t\t\t<\/div>\n\t\t<\/section>\n\t\t\t\t<\/div>\n\t\t","protected":false},"excerpt":{"rendered":"<p>Als junges und flexibles Unternehmen haben wir uns auf die Vermietung von Baumaschinen, mit oder ohne Fahrpersonal spezialisiert. Der Sitz unseres Unternehmen liegt in Sachsen im sch\u00f6nen Vogtland, im drei L\u00e4ndereck Bayern, Sachsen und Th\u00fcringen. Wir stehen mit unserem Unternehmen f\u00fcr vollste Kundenzufriedenheit. Unser Einsatzgebiet umfasst den gesamten Bundesdeutschen Raum.<\/p>\n","protected":false},"author":1,"featured_media":0,"parent":0,"menu_order":0,"comment_status":"closed","ping_status":"closed","template":"elementor_header_footer","meta":{"footnotes":""},"class_list":["post-132","page","type-page","status-publish","hentry"],"_links":{"self":[{"href":"https:\/\/tbv-moeller.de\/index.php\/wp-json\/wp\/v2\/pages\/132","targetHints":{"allow":["GET"]}}],"collection":[{"href":"https:\/\/tbv-moeller.de\/index.php\/wp-json\/wp\/v2\/pages"}],"about":[{"href":"https:\/\/tbv-moeller.de\/index.php\/wp-json\/wp\/v2\/types\/page"}],"author":[{"embeddable":true,"href":"https:\/\/tbv-moeller.de\/index.php\/wp-json\/wp\/v2\/users\/1"}],"replies":[{"embeddable":true,"href":"https:\/\/tbv-moeller.de\/index.php\/wp-json\/wp\/v2\/comments?post=132"}],"version-history":[{"count":19,"href":"https:\/\/tbv-moeller.de\/index.php\/wp-json\/wp\/v2\/pages\/132\/revisions"}],"predecessor-version":[{"id":291,"href":"https:\/\/tbv-moeller.de\/index.php\/wp-json\/wp\/v2\/pages\/132\/revisions\/291"}],"wp:attachment":[{"href":"https:\/\/tbv-moeller.de\/index.php\/wp-json\/wp\/v2\/media?parent=132"}],"curies":[{"name":"wp","href":"https:\/\/api.w.org\/{rel}","templated":true}]}}